{"id":2462,"date":"2021-12-10T17:19:21","date_gmt":"2021-12-10T17:19:21","guid":{"rendered":"https:\/\/inspace-architecture.com\/inicio\/"},"modified":"2024-06-13T16:02:21","modified_gmt":"2024-06-13T16:02:21","slug":"inicio","status":"publish","type":"page","link":"https:\/\/inspace-architecture.com\/es\/","title":{"rendered":"Inicio"},"content":{"rendered":"\t\t<div data-elementor-type=\"wp-page\" data-elementor-id=\"2462\" class=\"elementor elementor-2462 elementor-1390\" data-elementor-post-type=\"page\">\n\t\t\t\t\t\t<section class=\"elementor-section elementor-top-section elementor-element elementor-element-3cf29ae elementor-section-full_width elementor-section-height-min-height elementor-section-stretched elementor-section-height-default elementor-section-items-middle\" data-id=\"3cf29ae\" data-element_type=\"section\" data-e-type=\"section\" data-settings=\"{&quot;stretch_section&quot;:&quot;section-stretched&quot;,&quot;background_background&quot;:&quot;slideshow&quot;,&quot;background_slideshow_slide_transition&quot;:&quot;slide_right&quot;,&quot;background_slideshow_gallery&quot;:[],&quot;background_slideshow_loop&quot;:&quot;yes&quot;,&quot;background_slideshow_slide_duration&quot;:5000,&quot;background_slideshow_transition_duration&quot;:500}\">\n\t\t\t\t\t\t<div class=\"elementor-container elementor-column-gap-no\">\n\t\t\t\t\t<div class=\"elementor-column elementor-col-100 elementor-top-column elementor-element elementor-element-da11f41\" data-id=\"da11f41\" data-element_type=\"column\" data-e-type=\"column\">\n\t\t\t<div class=\"elementor-widget-wrap elementor-element-populated\">\n\t\t\t\t\t\t<div class=\"elementor-element elementor-element-bedd627 elementor--h-position-left elementor--v-position-bottom elementor-arrows-position-inside elementor-widget elementor-widget-slides\" data-id=\"bedd627\" data-element_type=\"widget\" data-e-type=\"widget\" data-settings=\"{&quot;navigation&quot;:&quot;arrows&quot;,&quot;transition_speed&quot;:2500,&quot;autoplay&quot;:&quot;yes&quot;,&quot;pause_on_hover&quot;:&quot;yes&quot;,&quot;pause_on_interaction&quot;:&quot;yes&quot;,&quot;autoplay_speed&quot;:5000,&quot;infinite&quot;:&quot;yes&quot;,&quot;transition&quot;:&quot;slide&quot;}\" data-widget_type=\"slides.default\">\n\t\t\t\t<div class=\"elementor-widget-container\">\n\t\t\t\t\t\t\t\t\t<div class=\"elementor-swiper\">\n\t\t\t\t\t<div class=\"elementor-slides-wrapper elementor-main-swiper swiper\" role=\"region\" aria-roledescription=\"carousel\" aria-label=\"Diapositivas\" dir=\"ltr\" data-animation=\"\">\n\t\t\t\t<div class=\"swiper-wrapper elementor-slides\">\n\t\t\t\t\t\t\t\t\t\t<div class=\"elementor-repeater-item-ce9e022 swiper-slide\" role=\"group\" aria-roledescription=\"slide\"><div class=\"swiper-slide-bg\" role=\"img\" aria-label=\"BUREAUX \u00c0 PARIS XIII , FRANCE\"><\/div><div class=\"elementor-background-overlay\"><\/div><a class=\"swiper-slide-inner\" href=\"https:\/\/inspace-architecture.com\/es\/projet\/a7a8\/\"><div class=\"swiper-slide-contents\"><div class=\"elementor-slide-heading\">OFICINAS EN PAR\u00cdS XIII , FRANCIA<\/div><\/div><\/a><\/div><div class=\"elementor-repeater-item-c562e7a swiper-slide\" role=\"group\" aria-roledescription=\"slide\"><div class=\"swiper-slide-bg\" role=\"img\" aria-label=\"our r\u00e9sidentielle, Saint-Domingue, R\u00e9publique Dominicaine\"><\/div><a class=\"swiper-slide-inner\" href=\"https:\/\/inspace-architecture.com\/es\/projet\/torre-residencial-santo-domingo\/\"><div class=\"swiper-slide-contents\"><div class=\"elementor-slide-heading\">Torre residencial, Santo Domingo, Rep\u00fablica Dominicana<\/div><\/div><\/a><\/div><div class=\"elementor-repeater-item-44ce0e6 swiper-slide\" role=\"group\" aria-roledescription=\"slide\"><div class=\"swiper-slide-bg\" role=\"img\" aria-label=\"our r\u00e9sidentielle, Saint-Domingue, R\u00e9publique Dominicaine\"><\/div><a class=\"swiper-slide-inner\" href=\"https:\/\/inspace-architecture.com\/es\/projet\/torre-residencial-santo-domingo\/\"><div class=\"swiper-slide-contents\"><div class=\"elementor-slide-heading\">Torre residencial, Santo Domingo, Rep\u00fablica Dominicana<\/div><\/div><\/a><\/div><div class=\"elementor-repeater-item-c3f8a24 swiper-slide\" role=\"group\" aria-roledescription=\"slide\"><div class=\"swiper-slide-bg\" role=\"img\" aria-label=\"BUREAUX \u00c0 PARIS XIII , FRANCE\"><\/div><div class=\"elementor-background-overlay\"><\/div><a class=\"swiper-slide-inner\" href=\"https:\/\/inspace-architecture.com\/es\/projet\/a7a8\/\"><div class=\"swiper-slide-contents\"><div class=\"elementor-slide-heading\">OFICINAS EN PAR\u00cdS XIII , FRANCIA<\/div><\/div><\/a><\/div><div class=\"elementor-repeater-item-95b0f5d swiper-slide\" role=\"group\" aria-roledescription=\"slide\"><div class=\"swiper-slide-bg\" role=\"img\" aria-label=\"BUREAUX \u00c0 PARIS XIII , FRANCE\"><\/div><div class=\"elementor-background-overlay\"><\/div><a class=\"swiper-slide-inner\" href=\"https:\/\/inspace-architecture.com\/es\/projet\/a7a8\/\"><div class=\"swiper-slide-contents\"><div class=\"elementor-slide-heading\">OFICINAS EN PAR\u00cdS XIII , FRANCIA<\/div><\/div><\/a><\/div><div class=\"elementor-repeater-item-a547131 swiper-slide\" role=\"group\" aria-roledescription=\"slide\"><div class=\"swiper-slide-bg\" role=\"img\" aria-label=\"Tour r\u00e9sidentielle avec gym et spa de 33 \u00e9tages \u00e0 Saint-Domingue, R\u00e9publique Dominicaine\"><\/div><a class=\"swiper-slide-inner\" href=\"https:\/\/inspace-architecture.com\/es\/projet\/torre-residencial-santo-domingo\/\"><div class=\"swiper-slide-contents\"><div class=\"elementor-slide-heading\">Torre residencial, Santo Domingo, Rep\u00fablica Dominicana<\/div><\/div><\/a><\/div><div class=\"elementor-repeater-item-75051f4 swiper-slide\" role=\"group\" aria-roledescription=\"slide\"><div class=\"swiper-slide-bg\" role=\"img\" aria-label=\"COMPLEXE R\u00c9SIDENTIEL TOURISTIQUE POUR PERSONNES \u00c2G\u00c9ES \u00c0 GAIA, PORTUGAL\"><\/div><div class=\"elementor-background-overlay\"><\/div><a class=\"swiper-slide-inner\" href=\"https:\/\/inspace-architecture.com\/es\/\"><div class=\"swiper-slide-contents\"><div class=\"elementor-slide-heading\">COMPLEJO TURISTICO RESIDENCIAL PARA PERSONAS MAYORES EN GAIA, PORTUGAL<\/div><\/div><\/a><\/div><div class=\"elementor-repeater-item-e8485a9 swiper-slide\" role=\"group\" aria-roledescription=\"slide\"><div class=\"swiper-slide-bg\" role=\"img\" aria-label=\"BUREAUX + AIRE DE SERVICE DU PARC ANDR\u00c9 MALREAUX \u00c0 NANTERRE, FRANCE\"><\/div><div class=\"elementor-background-overlay\"><\/div><a class=\"swiper-slide-inner\" href=\"https:\/\/inspace-architecture.com\/es\/projet\/pam\/\"><div class=\"swiper-slide-contents\"><div class=\"elementor-slide-heading\">OFICINAS + ZONA DE SERVICIOS EN EL PARQUE ANDR\u00c9 MALREAUX DE NANTERRE, FRANCIA<\/div><\/div><\/a><\/div><div class=\"elementor-repeater-item-83cbfa0 swiper-slide\" role=\"group\" aria-roledescription=\"slide\"><div class=\"swiper-slide-bg\" role=\"img\" aria-label=\"COMPLEXE R\u00c9SIDENTIEL TOURISTIQUE POUR PERSONNES \u00c2G\u00c9ES \u00c0 SINTRA, PORTUGAL\"><\/div><div class=\"elementor-background-overlay\"><\/div><a class=\"swiper-slide-inner\" href=\"https:\/\/inspace-architecture.com\/es\/projet\/esp_s\/\"><div class=\"swiper-slide-contents\"><div class=\"elementor-slide-heading\">COMPLEJO TURISTICO RESIDENCIAL PARA PERSONAS MAYORES EN SINTRA, PORTUGAL<\/div><\/div><\/a><\/div>\t\t\t\t<\/div>\n\t\t\t\t\t\t\t\t\t\t\t\t\t\t\t<div class=\"elementor-swiper-button elementor-swiper-button-prev\" role=\"button\" tabindex=\"0\" aria-label=\"Diapositiva anterior\">\n\t\t\t\t\t\t\t<svg aria-hidden=\"true\" class=\"e-font-icon-svg e-eicon-chevron-left\" viewBox=\"0 0 1000 1000\" xmlns=\"http:\/\/www.w3.org\/2000\/svg\"><path d=\"M646 125C629 125 613 133 604 142L308 442C296 454 292 471 292 487 292 504 296 521 308 533L604 854C617 867 629 875 646 875 663 875 679 871 692 858 704 846 713 829 713 812 713 796 708 779 692 767L438 487 692 225C700 217 708 204 708 187 708 171 704 154 692 142 675 129 663 125 646 125Z\"><\/path><\/svg>\t\t\t\t\t\t<\/div>\n\t\t\t\t\t\t<div class=\"elementor-swiper-button elementor-swiper-button-next\" role=\"button\" tabindex=\"0\" aria-label=\"Diapositiva siguiente\">\n\t\t\t\t\t\t\t<svg aria-hidden=\"true\" class=\"e-font-icon-svg e-eicon-chevron-right\" viewBox=\"0 0 1000 1000\" xmlns=\"http:\/\/www.w3.org\/2000\/svg\"><path d=\"M696 533C708 521 713 504 713 487 713 471 708 454 696 446L400 146C388 133 375 125 354 125 338 125 325 129 313 142 300 154 292 171 292 187 292 204 296 221 308 233L563 492 304 771C292 783 288 800 288 817 288 833 296 850 308 863 321 871 338 875 354 875 371 875 388 867 400 854L696 533Z\"><\/path><\/svg>\t\t\t\t\t\t<\/div>\n\t\t\t\t\t\t\t\t\t\t\t\t\t\t\t\t\t<\/div>\n\t\t\t\t<\/div>\n\t\t\t\t\t\t\t\t<\/div>\n\t\t\t\t<\/div>\n\t\t\t\t\t<\/div>\n\t\t<\/div>\n\t\t\t\t\t<\/div>\n\t\t<\/section>\n\t\t\t\t<\/div>\n\t\t","protected":false},"excerpt":{"rendered":"<p>OFICINAS EN PAR\u00cdS XIII , FRANCIATorre residencial, Santo Domingo, Rep\u00fablica DominicanaTorre residencial, Santo Domingo, Rep\u00fablica DominicanaOFICINAS EN PAR\u00cdS XIII , FRANCIAOFICINAS EN PAR\u00cdS XIII , FRANCIATorre residencial, Santo Domingo, Rep\u00fablica DominicanaCOMPLEJO TURISTICO RESIDENCIAL PARA PERSONAS MAYORES EN GAIA, PORTUGALOFICINAS + ZONA DE SERVICIOS EN EL PARQUE ANDR\u00c9 MALREAUX DE NANTERRE, FRANCIACOMPLEJO TURISTICO RESIDENCIAL PARA PERSONAS [&hellip;]<\/p>\n","protected":false},"author":1,"featured_media":0,"parent":0,"menu_order":0,"comment_status":"closed","ping_status":"closed","template":"elementor_header_footer","meta":{"site-sidebar-layout":"no-sidebar","site-content-layout":"page-builder","ast-site-content-layout":"default","site-content-style":"default","site-sidebar-style":"default","ast-global-header-display":"","ast-banner-title-visibility":"","ast-main-header-display":"","ast-hfb-above-header-display":"","ast-hfb-below-header-display":"","ast-hfb-mobile-header-display":"","site-post-title":"disabled","ast-breadcrumbs-content":"","ast-featured-img":"disabled","footer-sml-layout":"","ast-disable-related-posts":"","theme-transparent-header-meta":"default","adv-header-id-meta":"","stick-header-meta":"default","header-above-stick-meta":"","header-main-stick-meta":"","header-below-stick-meta":"","astra-migrate-meta-layouts":"default","ast-page-background-enabled":"default","ast-page-background-meta":{"desktop":{"background-color":"","background-image":"","background-repeat":"repeat","background-position":"center center","background-size":"auto","background-attachment":"scroll","background-type":"","background-media":"","overlay-type":"","overlay-color":"","overlay-opacity":"","overlay-gradient":""},"tablet":{"background-color":"","background-image":"","background-repeat":"repeat","background-position":"center center","background-size":"auto","background-attachment":"scroll","background-type":"","background-media":"","overlay-type":"","overlay-color":"","overlay-opacity":"","overlay-gradient":""},"mobile":{"background-color":"","background-image":"","background-repeat":"repeat","background-position":"center center","background-size":"auto","background-attachment":"scroll","background-type":"","background-media":"","overlay-type":"","overlay-color":"","overlay-opacity":"","overlay-gradient":""}},"ast-content-background-meta":{"desktop":{"background-color":"var(--ast-global-color-5)","background-image":"","background-repeat":"repeat","background-position":"center center","background-size":"auto","background-attachment":"scroll","background-type":"","background-media":"","overlay-type":"","overlay-color":"","overlay-opacity":"","overlay-gradient":""},"tablet":{"background-color":"var(--ast-global-color-5)","background-image":"","background-repeat":"repeat","background-position":"center center","background-size":"auto","background-attachment":"scroll","background-type":"","background-media":"","overlay-type":"","overlay-color":"","overlay-opacity":"","overlay-gradient":""},"mobile":{"background-color":"var(--ast-global-color-5)","background-image":"","background-repeat":"repeat","background-position":"center center","background-size":"auto","background-attachment":"scroll","background-type":"","background-media":"","overlay-type":"","overlay-color":"","overlay-opacity":"","overlay-gradient":""}},"footnotes":""},"class_list":["post-2462","page","type-page","status-publish","hentry"],"_links":{"self":[{"href":"https:\/\/inspace-architecture.com\/es\/wp-json\/wp\/v2\/pages\/2462","targetHints":{"allow":["GET"]}}],"collection":[{"href":"https:\/\/inspace-architecture.com\/es\/wp-json\/wp\/v2\/pages"}],"about":[{"href":"https:\/\/inspace-architecture.com\/es\/wp-json\/wp\/v2\/types\/page"}],"author":[{"embeddable":true,"href":"https:\/\/inspace-architecture.com\/es\/wp-json\/wp\/v2\/users\/1"}],"replies":[{"embeddable":true,"href":"https:\/\/inspace-architecture.com\/es\/wp-json\/wp\/v2\/comments?post=2462"}],"version-history":[{"count":3,"href":"https:\/\/inspace-architecture.com\/es\/wp-json\/wp\/v2\/pages\/2462\/revisions"}],"predecessor-version":[{"id":2932,"href":"https:\/\/inspace-architecture.com\/es\/wp-json\/wp\/v2\/pages\/2462\/revisions\/2932"}],"wp:attachment":[{"href":"https:\/\/inspace-architecture.com\/es\/wp-json\/wp\/v2\/media?parent=2462"}],"curies":[{"name":"wp","href":"https:\/\/api.w.org\/{rel}","templated":true}]}}