{"id":2470,"date":"2021-01-04T12:12:30","date_gmt":"2021-01-04T12:12:30","guid":{"rendered":"https:\/\/inspace-architecture.com\/presentacion\/"},"modified":"2022-12-15T11:21:44","modified_gmt":"2022-12-15T11:21:44","slug":"presentacion","status":"publish","type":"page","link":"https:\/\/inspace-architecture.com\/es\/presentacion\/","title":{"rendered":"Presentaci\u00f3n"},"content":{"rendered":"\t\t<div data-elementor-type=\"wp-page\" data-elementor-id=\"2470\" class=\"elementor elementor-2470 elementor-16\" data-elementor-post-type=\"page\">\n\t\t\t\t\t\t<section class=\"elementor-section elementor-top-section elementor-element elementor-element-970df1a elementor-section-full_width elementor-section-height-default elementor-section-height-default\" data-id=\"970df1a\" data-element_type=\"section\" data-e-type=\"section\">\n\t\t\t\t\t\t<div class=\"elementor-container elementor-column-gap-default\">\n\t\t\t\t\t<div class=\"elementor-column elementor-col-100 elementor-top-column elementor-element elementor-element-bb8915f\" data-id=\"bb8915f\" data-element_type=\"column\" data-e-type=\"column\">\n\t\t\t<div class=\"elementor-widget-wrap elementor-element-populated\">\n\t\t\t\t\t\t<div class=\"elementor-element elementor-element-2ae2c1c elementor-widget elementor-widget-image\" data-id=\"2ae2c1c\" data-element_type=\"widget\" data-e-type=\"widget\" data-widget_type=\"image.default\">\n\t\t\t\t<div class=\"elementor-widget-container\">\n\t\t\t\t\t\t\t\t\t\t\t\t\t\t\t<img fetchpriority=\"high\" decoding=\"async\" width=\"1024\" height=\"768\" src=\"https:\/\/inspace-architecture.com\/wp-content\/uploads\/2021\/12\/inS_OFFice01-1024x768.jpg\" class=\"attachment-large size-large wp-image-2431\" alt=\"\" srcset=\"https:\/\/inspace-architecture.com\/wp-content\/uploads\/2021\/12\/inS_OFFice01-1024x768.jpg 1024w, https:\/\/inspace-architecture.com\/wp-content\/uploads\/2021\/12\/inS_OFFice01-300x225.jpg 300w, https:\/\/inspace-architecture.com\/wp-content\/uploads\/2021\/12\/inS_OFFice01-768x576.jpg 768w, https:\/\/inspace-architecture.com\/wp-content\/uploads\/2021\/12\/inS_OFFice01-1536x1152.jpg 1536w, https:\/\/inspace-architecture.com\/wp-content\/uploads\/2021\/12\/inS_OFFice01-2048x1536.jpg 2048w\" sizes=\"(max-width: 1024px) 100vw, 1024px\">\t\t\t\t\t\t\t\t\t\t\t\t\t\t\t<\/div>\n\t\t\t\t<\/div>\n\t\t\t\t<div class=\"elementor-element elementor-element-1de73b4 elementor-widget elementor-widget-text-editor\" data-id=\"1de73b4\" data-element_type=\"widget\" data-e-type=\"widget\" data-widget_type=\"text-editor.default\">\n\t\t\t\t<div class=\"elementor-widget-container\">\n\t\t\t\t\t\t\t\t\t<p><strong>&#8230;o antes de qu\u00e9&#8230;<\/strong><\/p>\n<p>Cada reflexi\u00f3n, pregunta y dise\u00f1o parte de la comprensi\u00f3n del lugar, su entorno, las necesidades y la l\u00f3gica local, en sus m\u00faltiples escalas contextuales, culturales, econ\u00f3micas, medioambientales y sociales. La arquitectura es, pues, un proceso de maximizaci\u00f3n de oportunidades.<\/p>\n<p>Cada lugar es \u00fanico, marcado por innumerables diferencias; por lo tanto, cada proyecto es \u00fanico, ofreciendo cada vez una nueva oportunidad de replantearse la fuerza de un proceso urbano y arquitect\u00f3nico en su conjunto.<\/p>\n<p>Principales temas de estudio :<\/p>\n<ul>\n<li>Las nociones de espacio y apropiaci\u00f3n de lugares se debaten constantemente en sus m\u00faltiples escalas, que van desde el paisaje del territorio hasta la intimidad de una sala de estar.<\/li>\n<li>Las cuestiones energ\u00e9ticas y medioambientales son preocupaciones intr\u00ednsecas en cada respuesta; est\u00e1n presentes desde los primeros bocetos a trav\u00e9s de los principios de espacios bien orientados, sensibilidad a la luz y la sombra, relaciones de los vol\u00famenes construidos, limitaciones del consumo de energ\u00eda, materiales en composiciones tanto tradicionales como de alta tecnolog\u00eda y m\u00e9todos de construcci\u00f3n.<\/li>\n<\/ul>\n<p>inSpace no pretende producir iconos aislados, sino participar en la revisi\u00f3n de la mutaci\u00f3n del entorno construido, como di\u00e1logos urbanos o geogr\u00e1ficos, a veces visibles y a veces imperceptibles, invisibles.<\/p>\n\t\t\t\t\t\t\t\t<\/div>\n\t\t\t\t<\/div>\n\t\t\t\t<div class=\"elementor-element elementor-element-03483c3 elementor-widget elementor-widget-text-editor\" data-id=\"03483c3\" data-element_type=\"widget\" data-e-type=\"widget\" data-widget_type=\"text-editor.default\">\n\t\t\t\t<div class=\"elementor-widget-container\">\n\t\t\t\t\t\t\t\t\t<p>inSpace se formaliz\u00f3 en 2006 a ra\u00edz del premio Nuevos \u00c1lbumes de J\u00f3venes Arquitectos y posteriormente desarroll\u00f3 varios proyectos y vio su primer proyecto nominado a la primera obra del Moniteur en 2010 por el proyecto de 7 viviendas en Par\u00eds. En 2014 inSpace recibi\u00f3 el PREMIO DE PLATA PAD en NUEVA YORK por el proyecto de 41 viviendas en Ru\u00e1n.<\/p>\n\t\t\t\t\t\t\t\t<\/div>\n\t\t\t\t<\/div>\n\t\t\t\t\t<\/div>\n\t\t<\/div>\n\t\t\t\t\t<\/div>\n\t\t<\/section>\n\t\t\t\t<\/div>\n\t\t","protected":false},"excerpt":{"rendered":"<p>&#8230;o antes de qu\u00e9&#8230; Cada reflexi\u00f3n, pregunta y dise\u00f1o parte de la comprensi\u00f3n del lugar, su entorno, las necesidades y la l\u00f3gica local, en sus m\u00faltiples escalas contextuales, culturales, econ\u00f3micas, medioambientales y sociales. La arquitectura es, pues, un proceso de maximizaci\u00f3n de oportunidades. Cada lugar es \u00fanico, marcado por innumerables diferencias; por lo tanto, cada [&hellip;]<\/p>\n","protected":false},"author":1,"featured_media":0,"parent":0,"menu_order":0,"comment_status":"closed","ping_status":"closed","template":"","meta":{"site-sidebar-layout":"no-sidebar","site-content-layout":"page-builder","ast-site-content-layout":"default","site-content-style":"default","site-sidebar-style":"default","ast-global-header-display":"","ast-banner-title-visibility":"","ast-main-header-display":"","ast-hfb-above-header-display":"","ast-hfb-below-header-display":"","ast-hfb-mobile-header-display":"","site-post-title":"disabled","ast-breadcrumbs-content":"","ast-featured-img":"disabled","footer-sml-layout":"","ast-disable-related-posts":"","theme-transparent-header-meta":"default","adv-header-id-meta":"","stick-header-meta":"default","header-above-stick-meta":"","header-main-stick-meta":"","header-below-stick-meta":"","astra-migrate-meta-layouts":"default","ast-page-background-enabled":"default","ast-page-background-meta":{"desktop":{"background-color":"","background-image":"","background-repeat":"repeat","background-position":"center center","background-size":"auto","background-attachment":"scroll","background-type":"","background-media":"","overlay-type":"","overlay-color":"","overlay-opacity":"","overlay-gradient":""},"tablet":{"background-color":"","background-image":"","background-repeat":"repeat","background-position":"center center","background-size":"auto","background-attachment":"scroll","background-type":"","background-media":"","overlay-type":"","overlay-color":"","overlay-opacity":"","overlay-gradient":""},"mobile":{"background-color":"","background-image":"","background-repeat":"repeat","background-position":"center center","background-size":"auto","background-attachment":"scroll","background-type":"","background-media":"","overlay-type":"","overlay-color":"","overlay-opacity":"","overlay-gradient":""}},"ast-content-background-meta":{"desktop":{"background-color":"var(--ast-global-color-5)","background-image":"","background-repeat":"repeat","background-position":"center center","background-size":"auto","background-attachment":"scroll","background-type":"","background-media":"","overlay-type":"","overlay-color":"","overlay-opacity":"","overlay-gradient":""},"tablet":{"background-color":"var(--ast-global-color-5)","background-image":"","background-repeat":"repeat","background-position":"center center","background-size":"auto","background-attachment":"scroll","background-type":"","background-media":"","overlay-type":"","overlay-color":"","overlay-opacity":"","overlay-gradient":""},"mobile":{"background-color":"var(--ast-global-color-5)","background-image":"","background-repeat":"repeat","background-position":"center center","background-size":"auto","background-attachment":"scroll","background-type":"","background-media":"","overlay-type":"","overlay-color":"","overlay-opacity":"","overlay-gradient":""}},"footnotes":""},"class_list":["post-2470","page","type-page","status-publish","hentry"],"_links":{"self":[{"href":"https:\/\/inspace-architecture.com\/es\/wp-json\/wp\/v2\/pages\/2470","targetHints":{"allow":["GET"]}}],"collection":[{"href":"https:\/\/inspace-architecture.com\/es\/wp-json\/wp\/v2\/pages"}],"about":[{"href":"https:\/\/inspace-architecture.com\/es\/wp-json\/wp\/v2\/types\/page"}],"author":[{"embeddable":true,"href":"https:\/\/inspace-architecture.com\/es\/wp-json\/wp\/v2\/users\/1"}],"replies":[{"embeddable":true,"href":"https:\/\/inspace-architecture.com\/es\/wp-json\/wp\/v2\/comments?post=2470"}],"version-history":[{"count":1,"href":"https:\/\/inspace-architecture.com\/es\/wp-json\/wp\/v2\/pages\/2470\/revisions"}],"predecessor-version":[{"id":2471,"href":"https:\/\/inspace-architecture.com\/es\/wp-json\/wp\/v2\/pages\/2470\/revisions\/2471"}],"wp:attachment":[{"href":"https:\/\/inspace-architecture.com\/es\/wp-json\/wp\/v2\/media?parent=2470"}],"curies":[{"name":"wp","href":"https:\/\/api.w.org\/{rel}","templated":true}]}}