{"id":2472,"date":"2021-11-29T13:39:38","date_gmt":"2021-11-29T13:39:38","guid":{"rendered":"https:\/\/inspace-architecture.com\/equipo\/"},"modified":"2024-06-06T12:44:46","modified_gmt":"2024-06-06T12:44:46","slug":"equipo","status":"publish","type":"page","link":"https:\/\/inspace-architecture.com\/es\/equipo\/","title":{"rendered":"equipo"},"content":{"rendered":"\t\t<div data-elementor-type=\"wp-page\" data-elementor-id=\"2472\" class=\"elementor elementor-2472 elementor-1217\" data-elementor-post-type=\"page\">\n\t\t\t\t\t\t<section class=\"elementor-section elementor-top-section elementor-element elementor-element-3460576 elementor-section-boxed elementor-section-height-default elementor-section-height-default\" data-id=\"3460576\" data-element_type=\"section\" data-e-type=\"section\">\n\t\t\t\t\t\t<div class=\"elementor-container elementor-column-gap-default\">\n\t\t\t\t\t<div class=\"elementor-column elementor-col-100 elementor-top-column elementor-element elementor-element-07c9ca4\" data-id=\"07c9ca4\" data-element_type=\"column\" data-e-type=\"column\">\n\t\t\t<div class=\"elementor-widget-wrap elementor-element-populated\">\n\t\t\t\t\t\t\t<\/div>\n\t\t<\/div>\n\t\t\t\t\t<\/div>\n\t\t<\/section>\n\t\t\t\t<section class=\"elementor-section elementor-top-section elementor-element elementor-element-6e55a92 elementor-section-full_width elementor-section-height-default elementor-section-height-default\" data-id=\"6e55a92\" data-element_type=\"section\" data-e-type=\"section\">\n\t\t\t\t\t\t<div class=\"elementor-container elementor-column-gap-default\">\n\t\t\t\t\t<div class=\"elementor-column elementor-col-100 elementor-top-column elementor-element elementor-element-b3ab45b\" data-id=\"b3ab45b\" data-element_type=\"column\" data-e-type=\"column\">\n\t\t\t<div class=\"elementor-widget-wrap elementor-element-populated\">\n\t\t\t\t\t\t<div class=\"elementor-element elementor-element-6c61516 elementor-widget elementor-widget-image\" data-id=\"6c61516\" data-element_type=\"widget\" data-e-type=\"widget\" data-widget_type=\"image.default\">\n\t\t\t\t<div class=\"elementor-widget-container\">\n\t\t\t\t\t\t\t\t\t\t\t\t\t\t\t<img fetchpriority=\"high\" decoding=\"async\" width=\"1024\" height=\"559\" src=\"https:\/\/inspace-architecture.com\/wp-content\/uploads\/2021\/11\/IMG_4828-1024x559.jpg\" class=\"attachment-large size-large wp-image-2419\" alt=\"\" srcset=\"https:\/\/inspace-architecture.com\/wp-content\/uploads\/2021\/11\/IMG_4828-1024x559.jpg 1024w, https:\/\/inspace-architecture.com\/wp-content\/uploads\/2021\/11\/IMG_4828-300x164.jpg 300w, https:\/\/inspace-architecture.com\/wp-content\/uploads\/2021\/11\/IMG_4828-768x419.jpg 768w, https:\/\/inspace-architecture.com\/wp-content\/uploads\/2021\/11\/IMG_4828-1536x838.jpg 1536w, https:\/\/inspace-architecture.com\/wp-content\/uploads\/2021\/11\/IMG_4828-2048x1117.jpg 2048w\" sizes=\"(max-width: 1024px) 100vw, 1024px\">\t\t\t\t\t\t\t\t\t\t\t\t\t\t\t<\/div>\n\t\t\t\t<\/div>\n\t\t\t\t<div class=\"elementor-element elementor-element-714c83f elementor-widget elementor-widget-text-editor\" data-id=\"714c83f\" data-element_type=\"widget\" data-e-type=\"widget\" data-widget_type=\"text-editor.default\">\n\t\t\t\t<div class=\"elementor-widget-container\">\n\t\t\t\t\t\t\t\t\t<p>inSpace se formaliz\u00f3 en 2006 a ra\u00edz del premio Nuevos \u00c1lbumes de J\u00f3venes Arquitectos y posteriormente desarroll\u00f3 varios proyectos y vio su primer proyecto nominado a la primera obra del Moniteur en 2010 por el proyecto de 7 viviendas en Par\u00eds. En 2014 inSpace recibi\u00f3 el PREMIO DE PLATA PAD en NUEVA YORK por el proyecto de 41 viviendas en Ru\u00e1n.<\/p>\n\t\t\t\t\t\t\t\t<\/div>\n\t\t\t\t<\/div>\n\t\t\t\t<div class=\"elementor-element elementor-element-fa3002d elementor-widget elementor-widget-heading\" data-id=\"fa3002d\" data-element_type=\"widget\" data-e-type=\"widget\" data-widget_type=\"heading.default\">\n\t\t\t\t<div class=\"elementor-widget-container\">\n\t\t\t\t\t<h2 class=\"elementor-heading-title elementor-size-default\">Marta Mendon\u00e7a<\/h2>\t\t\t\t<\/div>\n\t\t\t\t<\/div>\n\t\t\t\t<div class=\"elementor-element elementor-element-606d428 elementor-widget elementor-widget-text-editor\" data-id=\"606d428\" data-element_type=\"widget\" data-e-type=\"widget\" data-widget_type=\"text-editor.default\">\n\t\t\t\t<div class=\"elementor-widget-container\">\n\t\t\t\t\t\t\t\t\t<p>Marta se licenci\u00f3 en la Faculdade de Arquitectura da Universidade do Porto, Portugal, en 1997. En 2001 obtuvo el M\u00e1ster en Dise\u00f1o Urbano con Cum Laude en la Universidad T\u00e9cnica de Delft en los Pa\u00edses Bajos, y en 2012 se doctor\u00f3 en Dise\u00f1o Urbano en la misma Universidad bajo el tema: Apropiaci\u00f3n del espacio bajo signos de comunicaci\u00f3n.<\/p>\n<p>En 2006 fue galardonada con el premio Nuevos \u00c1lbumes de J\u00f3venes Arquitectos.<\/p>\n<p>Tras varios a\u00f1os viviendo en diferentes ciudades europeas, Par\u00eds fue la ciudad elegida para establecerse y desarrollar en asociaci\u00f3n con Gonzalo Galindo la agencia internacional de arquitectura y urbanismo inSpace en 2006.<\/p>\n<p>Marta ense\u00f1a dise\u00f1o en la Ecole Sp\u00e9ciale d&#8217;Architecture desde 2013 y es invitada a m\u00faltiples escuelas de arquitectura para participar en diversos jurados de proyectos, conferencias y seminarios.<\/p>\n\t\t\t\t\t\t\t\t<\/div>\n\t\t\t\t<\/div>\n\t\t\t\t<div class=\"elementor-element elementor-element-4acdc4c elementor-widget elementor-widget-heading\" data-id=\"4acdc4c\" data-element_type=\"widget\" data-e-type=\"widget\" data-widget_type=\"heading.default\">\n\t\t\t\t<div class=\"elementor-widget-container\">\n\t\t\t\t\t<h2 class=\"elementor-heading-title elementor-size-default\">GONZALO GALINDO<\/h2>\t\t\t\t<\/div>\n\t\t\t\t<\/div>\n\t\t\t\t<div class=\"elementor-element elementor-element-85c285f elementor-widget elementor-widget-text-editor\" data-id=\"85c285f\" data-element_type=\"widget\" data-e-type=\"widget\" data-widget_type=\"text-editor.default\">\n\t\t\t\t<div class=\"elementor-widget-container\">\n\t\t\t\t\t\t\t\t\t<p>Gonzalo se licenci\u00f3 en arquitectura en 1992 por la Universidad Javeriana de Bogot\u00e1 (Colombia) y ampli\u00f3 su formaci\u00f3n con un Certificado de Estudios Avanzados en Arquitectura (CEAA) en Arquitectura y Dise\u00f1o en la Escuela de Arquitectura de Par\u00eds Tolbiac en 1992, y un CEAA en Configuraci\u00f3n de operaciones, programaci\u00f3n y gesti\u00f3n de proyectos en la Escuela de Arquitectura de Par\u00eds Villemin en 1993. En 1994 obtuvo el Dipl\u00f4me d&#8217;Etudes Approfondies (DEA) &#8211; Le projet architectural et urbain, th\u00e9ories et dispositifs en la Ecole d&#8217;Architecture de Paris Belleville.<\/p>\n<p>Antes de cofundar inSpace, colabor\u00f3 en varios proyectos en sus distintas fases, desde el dise\u00f1o hasta la construcci\u00f3n, en la oficina de Santiago Calatrava de 1995 a 1999 y en Chaix et Morel de 1999 a 2000.<\/p>\n<p>La atenci\u00f3n al detalle, la construcci\u00f3n y la rigurosa ejecuci\u00f3n de Gonzalo son la clave de los logros y el v\u00ednculo indispensable entre el dise\u00f1o y la ejecuci\u00f3n de todos los proyectos de inSpace.<\/p>\n\t\t\t\t\t\t\t\t<\/div>\n\t\t\t\t<\/div>\n\t\t\t\t<div class=\"elementor-element elementor-element-408dda2 elementor-widget elementor-widget-heading\" data-id=\"408dda2\" data-element_type=\"widget\" data-e-type=\"widget\" data-widget_type=\"heading.default\">\n\t\t\t\t<div class=\"elementor-widget-container\">\n\t\t\t\t\t<h2 class=\"elementor-heading-title elementor-size-default\">Empleados desde 2006<\/h2>\t\t\t\t<\/div>\n\t\t\t\t<\/div>\n\t\t\t\t<div class=\"elementor-element elementor-element-b67094c elementor-widget elementor-widget-text-editor\" data-id=\"b67094c\" data-element_type=\"widget\" data-e-type=\"widget\" data-widget_type=\"text-editor.default\">\n\t\t\t\t<div class=\"elementor-widget-container\">\n\t\t\t\t\t\t\t\t\t<ul>\n<li>Thomas Giroud, FR<\/li>\n<li>Lucia Landivar, BOL \/ DE<\/li>\n<li>Nour Ramdaoui, FR<\/li>\n<li>Elizabeth Nicinski, FR<\/li>\n<li>Yanis Benacer, FR<\/li>\n<li>Nabila Lucas-Rambani, FR<\/li>\n<li>Denyse Rodriguez, FR<\/li>\n<li>Melisa Guerrien, ARG<\/li>\n<li>Clarisse Krause, FR<\/li>\n<li>Eleonora Zacchini, IT<\/li>\n<li>Anne Bondon, FR<\/li>\n<li>Gerardo P\u00e9rez, COL<\/li>\n<li>Adelina Markus, ROU<\/li>\n<li>Dany Ang , FR<\/li>\n<li>Eleanor Duignan, IRL<\/li>\n<li>Julien Bastoen .FR<\/li>\n<li>Oana Radu .ROU<\/li>\n<li>C\u00e9cile Gayraud, FR<\/li>\n<li>Laure Saraceno .FR<\/li>\n<li>Ema Correia .PT<\/li>\n<li>Ana Lestienne .MEX<\/li>\n<li>Lieselotte Huygue .BE<\/li>\n<li>Bernard Brennan .IRL<\/li>\n<li>Marie Thibaut .FR<\/li>\n<li>Estelle Fort .FR<\/li>\n<li>Alberto Morao .IT<\/li>\n<li>Christian Dieterlen .MEX<\/li>\n<li>Mathilde Lebreton .FR<\/li>\n<li>Simon Loyer .FR<\/li>\n<li>Rapha\u00eblle Bonnefond .FR<\/li>\n<li>Hugo Roisne .FR<\/li>\n<li>Marco Carvalho .PT<\/li>\n<li>C\u00e9cile Jalby .FR<\/li>\n<li>Francisco Vidal .ARG<\/li>\n<li>Simone Breitkof .DE<\/li>\n<\/ul>\n\t\t\t\t\t\t\t\t<\/div>\n\t\t\t\t<\/div>\n\t\t\t\t\t<\/div>\n\t\t<\/div>\n\t\t\t\t\t<\/div>\n\t\t<\/section>\n\t\t\t\t<\/div>\n\t\t","protected":false},"excerpt":{"rendered":"<p>inSpace se formaliz\u00f3 en 2006 a ra\u00edz del premio Nuevos \u00c1lbumes de J\u00f3venes Arquitectos y posteriormente desarroll\u00f3 varios proyectos y vio su primer proyecto nominado a la primera obra del Moniteur en 2010 por el proyecto de 7 viviendas en Par\u00eds. En 2014 inSpace recibi\u00f3 el PREMIO DE PLATA PAD en NUEVA YORK por el [&hellip;]<\/p>\n","protected":false},"author":1,"featured_media":0,"parent":0,"menu_order":0,"comment_status":"closed","ping_status":"closed","template":"","meta":{"site-sidebar-layout":"no-sidebar","site-content-layout":"page-builder","ast-site-content-layout":"default","site-content-style":"default","site-sidebar-style":"default","ast-global-header-display":"","ast-banner-title-visibility":"","ast-main-header-display":"","ast-hfb-above-header-display":"","ast-hfb-below-header-display":"","ast-hfb-mobile-header-display":"","site-post-title":"disabled","ast-breadcrumbs-content":"","ast-featured-img":"disabled","footer-sml-layout":"","ast-disable-related-posts":"","theme-transparent-header-meta":"default","adv-header-id-meta":"","stick-header-meta":"default","header-above-stick-meta":"","header-main-stick-meta":"","header-below-stick-meta":"","astra-migrate-meta-layouts":"default","ast-page-background-enabled":"default","ast-page-background-meta":{"desktop":{"background-color":"","background-image":"","background-repeat":"repeat","background-position":"center center","background-size":"auto","background-attachment":"scroll","background-type":"","background-media":"","overlay-type":"","overlay-color":"","overlay-opacity":"","overlay-gradient":""},"tablet":{"background-color":"","background-image":"","background-repeat":"repeat","background-position":"center center","background-size":"auto","background-attachment":"scroll","background-type":"","background-media":"","overlay-type":"","overlay-color":"","overlay-opacity":"","overlay-gradient":""},"mobile":{"background-color":"","background-image":"","background-repeat":"repeat","background-position":"center center","background-size":"auto","background-attachment":"scroll","background-type":"","background-media":"","overlay-type":"","overlay-color":"","overlay-opacity":"","overlay-gradient":""}},"ast-content-background-meta":{"desktop":{"background-color":"var(--ast-global-color-5)","background-image":"","background-repeat":"repeat","background-position":"center center","background-size":"auto","background-attachment":"scroll","background-type":"","background-media":"","overlay-type":"","overlay-color":"","overlay-opacity":"","overlay-gradient":""},"tablet":{"background-color":"var(--ast-global-color-5)","background-image":"","background-repeat":"repeat","background-position":"center center","background-size":"auto","background-attachment":"scroll","background-type":"","background-media":"","overlay-type":"","overlay-color":"","overlay-opacity":"","overlay-gradient":""},"mobile":{"background-color":"var(--ast-global-color-5)","background-image":"","background-repeat":"repeat","background-position":"center center","background-size":"auto","background-attachment":"scroll","background-type":"","background-media":"","overlay-type":"","overlay-color":"","overlay-opacity":"","overlay-gradient":""}},"footnotes":""},"class_list":["post-2472","page","type-page","status-publish","hentry"],"_links":{"self":[{"href":"https:\/\/inspace-architecture.com\/es\/wp-json\/wp\/v2\/pages\/2472","targetHints":{"allow":["GET"]}}],"collection":[{"href":"https:\/\/inspace-architecture.com\/es\/wp-json\/wp\/v2\/pages"}],"about":[{"href":"https:\/\/inspace-architecture.com\/es\/wp-json\/wp\/v2\/types\/page"}],"author":[{"embeddable":true,"href":"https:\/\/inspace-architecture.com\/es\/wp-json\/wp\/v2\/users\/1"}],"replies":[{"embeddable":true,"href":"https:\/\/inspace-architecture.com\/es\/wp-json\/wp\/v2\/comments?post=2472"}],"version-history":[{"count":2,"href":"https:\/\/inspace-architecture.com\/es\/wp-json\/wp\/v2\/pages\/2472\/revisions"}],"predecessor-version":[{"id":2842,"href":"https:\/\/inspace-architecture.com\/es\/wp-json\/wp\/v2\/pages\/2472\/revisions\/2842"}],"wp:attachment":[{"href":"https:\/\/inspace-architecture.com\/es\/wp-json\/wp\/v2\/media?parent=2472"}],"curies":[{"name":"wp","href":"https:\/\/api.w.org\/{rel}","templated":true}]}}